{"id":197,"date":"2017-04-27T19:53:39","date_gmt":"2017-04-27T19:53:39","guid":{"rendered":"http:\/\/casacacheiras.es\/?page_id=197"},"modified":"2017-04-27T20:27:57","modified_gmt":"2017-04-27T20:27:57","slug":"la-casa","status":"publish","type":"page","link":"https:\/\/casacacheiras.es\/?page_id=197","title":{"rendered":"Servicios"},"content":{"rendered":"<p>[et_pb_section bb_built=\u00bb1&#8243; admin_label=\u00bbsection\u00bb background_color=\u00bb#6aceb6&#8243; inner_shadow=\u00bbon\u00bb fullwidth=\u00bbon\u00bb background_image=\u00bbhttp:\/\/casacacheiras.es\/wp-content\/uploads\/2017\/04\/20170203_135945-1-1.jpg\u00bb transparent_background=\u00bbon\u00bb allow_player_pause=\u00bboff\u00bb parallax=\u00bboff\u00bb parallax_method=\u00bbon\u00bb make_fullwidth=\u00bboff\u00bb use_custom_width=\u00bboff\u00bb width_unit=\u00bbon\u00bb make_equal=\u00bboff\u00bb use_custom_gutter=\u00bboff\u00bb][et_pb_fullwidth_header admin_label=\u00bbT\u00edtulo de anchura completa\u00bb title=\u00bbServicios de la casa\u00bb subhead=\u00bbObserva todos los servicios de los que dispondr\u00e1s\u00bb background_layout=\u00bbdark\u00bb text_orientation=\u00bbleft\u00bb header_fullscreen=\u00bboff\u00bb header_scroll_down=\u00bboff\u00bb parallax=\u00bboff\u00bb parallax_method=\u00bboff\u00bb content_orientation=\u00bbcenter\u00bb image_orientation=\u00bbcenter\u00bb custom_button_one=\u00bboff\u00bb button_one_letter_spacing=\u00bb0&#8243; button_one_use_icon=\u00bbdefault\u00bb button_one_icon_placement=\u00bbright\u00bb button_one_on_hover=\u00bbon\u00bb button_one_letter_spacing_hover=\u00bb0&#8243; custom_button_two=\u00bboff\u00bb button_two_letter_spacing=\u00bb0&#8243; button_two_use_icon=\u00bbdefault\u00bb button_two_icon_placement=\u00bbright\u00bb button_two_on_hover=\u00bbon\u00bb button_two_letter_spacing_hover=\u00bb0&#8243; \/][\/et_pb_section][et_pb_section bb_built=\u00bb1&#8243; admin_label=\u00bbsection\u00bb][et_pb_row admin_label=\u00bbrow\u00bb][et_pb_column type=\u00bb1_3&#8243;][et_pb_image admin_label=\u00bbImagen\u00bb src=\u00bbhttp:\/\/casacacheiras.es\/wp-content\/uploads\/2017\/04\/20160922_202718.jpg\u00bb animation=\u00bbleft\u00bb show_in_lightbox=\u00bboff\u00bb url_new_window=\u00bboff\u00bb use_overlay=\u00bboff\u00bb sticky=\u00bboff\u00bb align=\u00bbleft\u00bb force_fullwidth=\u00bboff\u00bb always_center_on_mobile=\u00bbon\u00bb use_border_color=\u00bboff\u00bb border_color=\u00bb#ffffff\u00bb border_style=\u00bbsolid\u00bb \/][et_pb_text admin_label=\u00bbTexto\u00bb background_layout=\u00bblight\u00bb text_orientation=\u00bbleft\u00bb use_border_color=\u00bboff\u00bb border_color=\u00bb#ffffff\u00bb border_style=\u00bbsolid\u00bb]<\/p>\n<h2>Estancias<\/h2>\n<p><em>La casa cuenta con 3 dormitorios con cama de matrimonio. Un amplio sal\u00f3n comedor. Una cocina completamente equipada. Un peque\u00f1o sal\u00f3n con vistas al jard\u00edn interior. Dos ba\u00f1os completos, uno de ellos con ba\u00f1era hidromasaje.<\/em><\/p>\n<p>[\/et_pb_text][\/et_pb_column][et_pb_column type=\u00bb1_3&#8243;][et_pb_image admin_label=\u00bbImagen\u00bb src=\u00bbhttp:\/\/casacacheiras.es\/wp-content\/uploads\/2017\/04\/20160922_202554.jpg\u00bb animation=\u00bbright\u00bb show_in_lightbox=\u00bboff\u00bb url_new_window=\u00bboff\u00bb use_overlay=\u00bboff\u00bb sticky=\u00bboff\u00bb align=\u00bbleft\u00bb force_fullwidth=\u00bboff\u00bb always_center_on_mobile=\u00bbon\u00bb use_border_color=\u00bboff\u00bb border_color=\u00bb#ffffff\u00bb border_style=\u00bbsolid\u00bb \/][et_pb_text admin_label=\u00bbTexto\u00bb background_layout=\u00bblight\u00bb text_orientation=\u00bbleft\u00bb use_border_color=\u00bboff\u00bb border_color=\u00bb#ffffff\u00bb border_style=\u00bbsolid\u00bb]<\/p>\n<h2>Cocina<\/h2>\n<p><em>La cocina cuenta con todos los elementos necesarios para su estancia.<\/em><\/p>\n<p>[\/et_pb_text][\/et_pb_column][et_pb_column type=\u00bb1_3&#8243;][et_pb_image admin_label=\u00bbImagen\u00bb src=\u00bbhttp:\/\/casacacheiras.es\/wp-content\/uploads\/2017\/04\/20160922_201042.jpg\u00bb animation=\u00bbtop\u00bb show_in_lightbox=\u00bboff\u00bb url_new_window=\u00bboff\u00bb use_overlay=\u00bboff\u00bb sticky=\u00bboff\u00bb align=\u00bbleft\u00bb force_fullwidth=\u00bboff\u00bb always_center_on_mobile=\u00bbon\u00bb use_border_color=\u00bboff\u00bb border_color=\u00bb#ffffff\u00bb border_style=\u00bbsolid\u00bb \/][et_pb_text admin_label=\u00bbTexto\u00bb background_layout=\u00bblight\u00bb text_orientation=\u00bbleft\u00bb use_border_color=\u00bboff\u00bb border_color=\u00bb#ffffff\u00bb border_style=\u00bbsolid\u00bb]<\/p>\n<h2>Jard\u00edn<\/h2>\n<p><em>La casa cuenta con precioso\u00a0jard\u00edn interior, que incluye un amplio porche bien resguardado, mesa r\u00fastica y barbacoa.<\/em><\/p>\n<p>[\/et_pb_text][\/et_pb_column][\/et_pb_row][\/et_pb_section]<\/p>\n","protected":false},"excerpt":{"rendered":"<p>Estancias La casa cuenta con 3 dormitorios con cama de matrimonio. Un amplio sal\u00f3n comedor. Una cocina completamente equipada. Un peque\u00f1o sal\u00f3n con vistas al jard\u00edn interior. Dos ba\u00f1os completos, uno de ellos con ba\u00f1era hidromasaje. Cocina La cocina cuenta con todos los elementos necesarios para su estancia. Jard\u00edn La casa cuenta con precioso\u00a0jard\u00edn interior, [&hellip;]<\/p>\n","protected":false},"author":1,"featured_media":0,"parent":0,"menu_order":0,"comment_status":"closed","ping_status":"open","template":"","meta":{"_et_pb_use_builder":"on","_et_pb_old_content":"","_et_gb_content_width":"","ngg_post_thumbnail":0,"footnotes":""},"class_list":["post-197","page","type-page","status-publish","hentry"],"_links":{"self":[{"href":"https:\/\/casacacheiras.es\/index.php?rest_route=\/wp\/v2\/pages\/197","targetHints":{"allow":["GET"]}}],"collection":[{"href":"https:\/\/casacacheiras.es\/index.php?rest_route=\/wp\/v2\/pages"}],"about":[{"href":"https:\/\/casacacheiras.es\/index.php?rest_route=\/wp\/v2\/types\/page"}],"author":[{"embeddable":true,"href":"https:\/\/casacacheiras.es\/index.php?rest_route=\/wp\/v2\/users\/1"}],"replies":[{"embeddable":true,"href":"https:\/\/casacacheiras.es\/index.php?rest_route=%2Fwp%2Fv2%2Fcomments&post=197"}],"version-history":[{"count":11,"href":"https:\/\/casacacheiras.es\/index.php?rest_route=\/wp\/v2\/pages\/197\/revisions"}],"predecessor-version":[{"id":216,"href":"https:\/\/casacacheiras.es\/index.php?rest_route=\/wp\/v2\/pages\/197\/revisions\/216"}],"wp:attachment":[{"href":"https:\/\/casacacheiras.es\/index.php?rest_route=%2Fwp%2Fv2%2Fmedia&parent=197"}],"curies":[{"name":"wp","href":"https:\/\/api.w.org\/{rel}","templated":true}]}}